{"id":143,"date":"2019-09-29T16:32:21","date_gmt":"2019-09-29T14:32:21","guid":{"rendered":"http:\/\/petite-histoire-tech.fr\/?page_id=143"},"modified":"2021-06-26T11:20:32","modified_gmt":"2021-06-26T09:20:32","slug":"litterature","status":"publish","type":"page","link":"https:\/\/sylbian.fr\/?page_id=143","title":{"rendered":"Litt\u00e9rature"},"content":{"rendered":"\n<p>D\u00e9couvrez ci-dessous le texte pour lequel j&rsquo;ai re\u00e7u le prix de la meilleure nouvelle lors du Festival du livre d&rsquo;Issy-les-Moulineaux en juin 2019.<\/p>\n\n\n\n<p>Cette nouvelle, intitul\u00e9e \u00ab\u00a0Tfaddal\u00a0\u00bb a \u00e9t\u00e9 \u00e9crite pour le concours organis\u00e9 par la ville d&rsquo;Issy-les-Moulineaux \u00e0 cette occasion. <br>Le th\u00e8me impos\u00e9 \u00e9tait une citation de Le Corbusier : <br><em>\u00ab&nbsp;Si le soleil entre dans la maison, il est un peu dans votre c\u0153ur&nbsp;\u00bb<\/em>.<br>La longueur \u00e9tait \u00e9galement impos\u00e9e, le texte devant contenir entre 10.000 et 15.000 caract\u00e8res.<\/p>\n\n\n\n<figure class=\"wp-block-embed-wordpress wp-block-embed is-type-wp-embed is-provider-blog-de-sylvestre-bianquis\"><div class=\"wp-block-embed__wrapper\">\n<blockquote class=\"wp-embedded-content\" data-secret=\"rP2EPHdUMx\"><a href=\"https:\/\/sylbian.fr\/?page_id=174\">TFADDAL<\/a><\/blockquote><iframe class=\"wp-embedded-content\" sandbox=\"allow-scripts\" security=\"restricted\" style=\"position: absolute; clip: rect(1px, 1px, 1px, 1px);\" title=\"\u00ab\u00a0TFADDAL\u00a0\u00bb &#8212; Blog de Sylvestre Bianquis\" src=\"https:\/\/sylbian.fr\/?page_id=174&#038;embed=true#?secret=rP2EPHdUMx\" data-secret=\"rP2EPHdUMx\" width=\"525\" height=\"296\" frameborder=\"0\" marginwidth=\"0\" marginheight=\"0\" scrolling=\"no\"><\/iframe>\n<\/div><\/figure>\n\n\n\n<p>Vous pouvez la t\u00e9l\u00e9charger en format pdf pour la lire confortablement :<\/p>\n\n\n\n<div class=\"wp-block-file\"><a href=\"https:\/\/sylbian.fr\/wp-content\/uploads\/2019\/09\/Nouvelle-Tfaddal-SB.pdf\">Nouvelle-Tfaddal-SB<\/a><a href=\"https:\/\/sylbian.fr\/wp-content\/uploads\/2019\/09\/Nouvelle-Tfaddal-SB.pdf\" class=\"wp-block-file__button\" download>T\u00e9l\u00e9charger<\/a><\/div>\n\n\n\n<p><\/p>\n\n\n\n<p>N&rsquo;h\u00e9sitez pas \u00e0 m&rsquo;envoyer vos commentaires !<\/p>\n\n\n\n<p><em>(par mail, en cliquant sur l&rsquo;ic\u00f4ne enveloppe en bas de page, car j&rsquo;ai d\u00fb d\u00e9sactiver les commentaires)<\/em><\/p>\n","protected":false},"excerpt":{"rendered":"<p>D\u00e9couvrez ci-dessous le texte pour lequel j&rsquo;ai re\u00e7u le prix de la meilleure nouvelle lors du Festival du livre d&rsquo;Issy-les-Moulineaux en juin 2019. Cette nouvelle, intitul\u00e9e \u00ab\u00a0Tfaddal\u00a0\u00bb a \u00e9t\u00e9 \u00e9crite pour le concours organis\u00e9 par la ville d&rsquo;Issy-les-Moulineaux \u00e0 cette occasion. Le th\u00e8me impos\u00e9 \u00e9tait une citation de Le Corbusier : \u00ab&nbsp;Si le soleil entre &hellip; <\/p>\n<p class=\"link-more\"><a href=\"https:\/\/sylbian.fr\/?page_id=143\" class=\"more-link\">Continuer la lecture<span class=\"screen-reader-text\"> de &laquo;&nbsp;Litt\u00e9rature&nbsp;&raquo;<\/span><\/a><\/p>\n","protected":false},"author":1,"featured_media":36,"parent":0,"menu_order":0,"comment_status":"closed","ping_status":"closed","template":"","meta":{"spay_email":""},"jetpack_sharing_enabled":true,"jetpack_shortlink":"https:\/\/wp.me\/P9pEir-2j","jetpack_likes_enabled":true,"_links":{"self":[{"href":"https:\/\/sylbian.fr\/index.php?rest_route=\/wp\/v2\/pages\/143"}],"collection":[{"href":"https:\/\/sylbian.fr\/index.php?rest_route=\/wp\/v2\/pages"}],"about":[{"href":"https:\/\/sylbian.fr\/index.php?rest_route=\/wp\/v2\/types\/page"}],"author":[{"embeddable":true,"href":"https:\/\/sylbian.fr\/index.php?rest_route=\/wp\/v2\/users\/1"}],"replies":[{"embeddable":true,"href":"https:\/\/sylbian.fr\/index.php?rest_route=%2Fwp%2Fv2%2Fcomments&post=143"}],"version-history":[{"count":10,"href":"https:\/\/sylbian.fr\/index.php?rest_route=\/wp\/v2\/pages\/143\/revisions"}],"predecessor-version":[{"id":258,"href":"https:\/\/sylbian.fr\/index.php?rest_route=\/wp\/v2\/pages\/143\/revisions\/258"}],"wp:featuredmedia":[{"embeddable":true,"href":"https:\/\/sylbian.fr\/index.php?rest_route=\/wp\/v2\/media\/36"}],"wp:attachment":[{"href":"https:\/\/sylbian.fr\/index.php?rest_route=%2Fwp%2Fv2%2Fmedia&parent=143"}],"curies":[{"name":"wp","href":"https:\/\/api.w.org\/{rel}","templated":true}]}}